{"id":9,"date":"2025-02-14T14:21:54","date_gmt":"2025-02-14T14:21:54","guid":{"rendered":"https:\/\/dolcesaraeventi.it\/?page_id=9"},"modified":"2025-12-17T17:09:21","modified_gmt":"2025-12-17T17:09:21","slug":"home","status":"publish","type":"page","link":"https:\/\/dolcesaraeventi.it\/","title":{"rendered":"Home"},"content":{"rendered":"\t\t<div data-elementor-type=\"wp-post\" data-elementor-id=\"9\" class=\"elementor elementor-9\">\n\t\t\t\t<div class=\"elementor-element elementor-element-2588bcc e-con-full e-flex e-con e-parent\" data-id=\"2588bcc\" data-element_type=\"container\">\n\t\t\t\t<div class=\"elementor-element elementor-element-506a56b elementor-pagination-position-outside elementor-widget elementor-widget-image-carousel\" data-id=\"506a56b\" data-element_type=\"widget\" data-settings=\"{&quot;slides_to_show&quot;:&quot;1&quot;,&quot;navigation&quot;:&quot;dots&quot;,&quot;autoplay&quot;:&quot;yes&quot;,&quot;pause_on_hover&quot;:&quot;yes&quot;,&quot;pause_on_interaction&quot;:&quot;yes&quot;,&quot;autoplay_speed&quot;:5000,&quot;infinite&quot;:&quot;yes&quot;,&quot;effect&quot;:&quot;slide&quot;,&quot;speed&quot;:500}\" data-widget_type=\"image-carousel.default\">\n\t\t\t\t<div class=\"elementor-widget-container\">\n\t\t\t\t\t\t\t<div class=\"elementor-image-carousel-wrapper swiper\" role=\"region\" aria-roledescription=\"carousel\" aria-label=\"Carosello d&#039;immagini\" dir=\"ltr\">\n\t\t\t<div class=\"elementor-image-carousel swiper-wrapper swiper-image-stretch\" aria-live=\"off\">\n\t\t\t\t\t\t\t\t<div class=\"swiper-slide\" role=\"group\" aria-roledescription=\"slide\" aria-label=\"1 di 4\"><figure class=\"swiper-slide-inner\"><img decoding=\"async\" class=\"swiper-slide-image\" src=\"https:\/\/dolcesaraeventi.it\/wp-content\/uploads\/2025\/02\/dolcesara-slider4.webp\" alt=\"dolcesara-slider4\" \/><\/figure><\/div><div class=\"swiper-slide\" role=\"group\" aria-roledescription=\"slide\" aria-label=\"2 di 4\"><figure class=\"swiper-slide-inner\"><img decoding=\"async\" class=\"swiper-slide-image\" src=\"https:\/\/dolcesaraeventi.it\/wp-content\/uploads\/2025\/02\/dolcesara-slider3.webp\" alt=\"dolcesara-slider3\" \/><\/figure><\/div><div class=\"swiper-slide\" role=\"group\" aria-roledescription=\"slide\" aria-label=\"3 di 4\"><figure class=\"swiper-slide-inner\"><img decoding=\"async\" class=\"swiper-slide-image\" src=\"https:\/\/dolcesaraeventi.it\/wp-content\/uploads\/2025\/02\/dolcesara-slider2.webp\" alt=\"dolcesara-slider2\" \/><\/figure><\/div><div class=\"swiper-slide\" role=\"group\" aria-roledescription=\"slide\" aria-label=\"4 di 4\"><figure class=\"swiper-slide-inner\"><img decoding=\"async\" class=\"swiper-slide-image\" src=\"https:\/\/dolcesaraeventi.it\/wp-content\/uploads\/2025\/02\/dolcesara-slider.webp\" alt=\"dolcesara-slider\" \/><\/figure><\/div>\t\t\t<\/div>\n\t\t\t\t\t\t\t\n\t\t\t\t\t\t\t\t\t<div class=\"swiper-pagination\"><\/div>\n\t\t\t\t\t\t\t\t\t<\/div>\n\t\t\t\t\t\t<\/div>\n\t\t\t\t<\/div>\n\t\t\t\t<\/div>\n\t\t<div class=\"elementor-element elementor-element-80275d7 e-flex e-con-boxed e-con e-parent\" data-id=\"80275d7\" data-element_type=\"container\">\n\t\t\t\t\t<div class=\"e-con-inner\">\n\t\t\t\t<div class=\"elementor-element elementor-element-1637b74 elementor-widget elementor-widget-premium-addon-title\" data-id=\"1637b74\" data-element_type=\"widget\" data-settings=\"{&quot;shining_animation_duration&quot;:&quot;1&quot;}\" data-widget_type=\"premium-addon-title.default\">\n\t\t\t\t<div class=\"elementor-widget-container\">\n\t\t\t\t\t\r\n\t\t<div class=\"premium-title-container style8\">\r\n\t\t\t<h2 class=\"premium-title-header premium-title-style8 premium-con-lq__\">\r\n\t\t\t\t\r\n\t\t\t\t\r\n\t\t\t\t\t\t\t\t\t\t\t\t<span class=\"premium-title-text\" data-shiny-delay=\"2\" data-shiny-dur=\"1\" >\r\n\t\t\t\t\tOrganizziamo il tuo evento perfetto\t\t\t\t<\/span>\r\n\t\t\t\t\t\r\n\t\t\t\t\t\t\t\t\t\t\t<\/h2>\r\n\t\t<\/div>\r\n\r\n\t\t\t\t\t\t<\/div>\n\t\t\t\t<\/div>\n\t\t\t\t<div class=\"elementor-element elementor-element-f28e69e elementor-widget elementor-widget-heading\" data-id=\"f28e69e\" data-element_type=\"widget\" data-widget_type=\"heading.default\">\n\t\t\t\t<div class=\"elementor-widget-container\">\n\t\t\t\t\t<h5 class=\"elementor-heading-title elementor-size-default\">Musica, teatro, spettacolo, convegni e molto altro<\/h5>\t\t\t\t<\/div>\n\t\t\t\t<\/div>\n\t\t\t\t<div class=\"elementor-element elementor-element-6afe12a elementor-widget elementor-widget-text-editor\" data-id=\"6afe12a\" data-element_type=\"widget\" data-widget_type=\"text-editor.default\">\n\t\t\t\t<div class=\"elementor-widget-container\">\n\t\t\t\t\t\t\t\t\t<p>L&#8217;Associazione <strong>Dolce Sara Eventi<\/strong> organizza eventi live, musica, teatro e spettacolo. Offriamo soluzioni complete per qualsiasi tipo di evento. Dalla convegnistica agli eventi sportivi, fino agli spettacoli dal vivo, offriamo un servizio completo per garantire il massimo impatto e coinvolgimento del pubblico.<\/p>\t\t\t\t\t\t\t\t<\/div>\n\t\t\t\t<\/div>\n\t\t\t\t\t<\/div>\n\t\t\t\t<\/div>\n\t\t<div class=\"elementor-element elementor-element-3fd2ea8 e-con-full e-flex e-con e-parent\" data-id=\"3fd2ea8\" data-element_type=\"container\">\n\t\t\t\t<div class=\"elementor-element elementor-element-7d33b8e elementor-widget elementor-widget-image\" data-id=\"7d33b8e\" data-element_type=\"widget\" data-widget_type=\"image.default\">\n\t\t\t\t<div class=\"elementor-widget-container\">\n\t\t\t\t\t\t\t\t\t\t\t\t\t\t\t<img fetchpriority=\"high\" decoding=\"async\" width=\"1920\" height=\"1150\" src=\"https:\/\/dolcesaraeventi.it\/wp-content\/uploads\/2025\/02\/dolcesara-slider3.webp\" class=\"attachment-full size-full wp-image-40\" alt=\"\" srcset=\"https:\/\/dolcesaraeventi.it\/wp-content\/uploads\/2025\/02\/dolcesara-slider3.webp 1920w, https:\/\/dolcesaraeventi.it\/wp-content\/uploads\/2025\/02\/dolcesara-slider3-300x180.webp 300w, https:\/\/dolcesaraeventi.it\/wp-content\/uploads\/2025\/02\/dolcesara-slider3-1024x613.webp 1024w, https:\/\/dolcesaraeventi.it\/wp-content\/uploads\/2025\/02\/dolcesara-slider3-768x460.webp 768w, https:\/\/dolcesaraeventi.it\/wp-content\/uploads\/2025\/02\/dolcesara-slider3-1536x920.webp 1536w\" sizes=\"(max-width: 1920px) 100vw, 1920px\" \/>\t\t\t\t\t\t\t\t\t\t\t\t\t\t\t<\/div>\n\t\t\t\t<\/div>\n\t\t\t\t<\/div>\n\t\t<div class=\"elementor-element elementor-element-86369f9 e-flex e-con-boxed e-con e-parent\" data-id=\"86369f9\" data-element_type=\"container\">\n\t\t\t\t\t<div class=\"e-con-inner\">\n\t\t\t\t<div class=\"elementor-element elementor-element-fbeae56 elementor-widget elementor-widget-spacer\" data-id=\"fbeae56\" data-element_type=\"widget\" data-widget_type=\"spacer.default\">\n\t\t\t\t<div class=\"elementor-widget-container\">\n\t\t\t\t\t\t\t<div class=\"elementor-spacer\">\n\t\t\t<div class=\"elementor-spacer-inner\"><\/div>\n\t\t<\/div>\n\t\t\t\t\t\t<\/div>\n\t\t\t\t<\/div>\n\t\t\t\t\t<\/div>\n\t\t\t\t<\/div>\n\t\t<div class=\"elementor-element elementor-element-ffefa7b e-flex e-con-boxed e-con e-parent\" data-id=\"ffefa7b\" data-element_type=\"container\">\n\t\t\t\t\t<div class=\"e-con-inner\">\n\t\t<div class=\"elementor-element elementor-element-5aa6c81 e-con-full e-flex e-con e-child\" data-id=\"5aa6c81\" data-element_type=\"container\">\n\t\t\t\t<div class=\"elementor-element elementor-element-9de82a0 elementor-widget elementor-widget-image\" data-id=\"9de82a0\" data-element_type=\"widget\" data-widget_type=\"image.default\">\n\t\t\t\t<div class=\"elementor-widget-container\">\n\t\t\t\t\t\t\t\t\t\t\t\t\t\t\t<img decoding=\"async\" width=\"667\" height=\"1000\" src=\"https:\/\/dolcesaraeventi.it\/wp-content\/uploads\/2025\/02\/dolce-sara-eventi-servizi.jpg\" class=\"attachment-full size-full wp-image-48\" alt=\"\" srcset=\"https:\/\/dolcesaraeventi.it\/wp-content\/uploads\/2025\/02\/dolce-sara-eventi-servizi.jpg 667w, https:\/\/dolcesaraeventi.it\/wp-content\/uploads\/2025\/02\/dolce-sara-eventi-servizi-200x300.jpg 200w\" sizes=\"(max-width: 667px) 100vw, 667px\" \/>\t\t\t\t\t\t\t\t\t\t\t\t\t\t\t<\/div>\n\t\t\t\t<\/div>\n\t\t\t\t<\/div>\n\t\t<div class=\"elementor-element elementor-element-2abf5d1 e-con-full e-flex e-con e-child\" data-id=\"2abf5d1\" data-element_type=\"container\">\n\t\t\t\t<div class=\"elementor-element elementor-element-99e5248 elementor-widget elementor-widget-premium-addon-title\" data-id=\"99e5248\" data-element_type=\"widget\" data-settings=\"{&quot;shining_animation_duration&quot;:&quot;1&quot;}\" data-widget_type=\"premium-addon-title.default\">\n\t\t\t\t<div class=\"elementor-widget-container\">\n\t\t\t\t\t\r\n\t\t<div class=\"premium-title-container style8\">\r\n\t\t\t<h2 class=\"premium-title-header premium-title-style8 premium-con-lq__\">\r\n\t\t\t\t\r\n\t\t\t\t\r\n\t\t\t\t\t\t\t\t\t\t\t\t<span class=\"premium-title-text\" data-shiny-delay=\"2\" data-shiny-dur=\"1\" >\r\n\t\t\t\t\tI nostri Servizi\t\t\t\t<\/span>\r\n\t\t\t\t\t\r\n\t\t\t\t\t\t\t\t\t\t\t<\/h2>\r\n\t\t<\/div>\r\n\r\n\t\t\t\t\t\t<\/div>\n\t\t\t\t<\/div>\n\t\t\t\t<div class=\"elementor-element elementor-element-8fd9cf2 elementor-widget elementor-widget-text-editor\" data-id=\"8fd9cf2\" data-element_type=\"widget\" data-widget_type=\"text-editor.default\">\n\t\t\t\t<div class=\"elementor-widget-container\">\n\t\t\t\t\t\t\t\t\t<h3>Organizzazione di Eventi Live<\/h3><p>Ci occupiamo della gestione completa di eventi musicali, teatrali e spettacoli, curando ogni dettaglio dall&#8217;inizio alla fine.<\/p><h3>Eventi Sportivi e Convegni<\/h3><p>Progettiamo e realizziamo eventi sportivi e convegni con soluzioni personalizzate per ogni esigenza.<\/p><h3>Noleggio Attrezzature Audio e Video<\/h3><p>Forniamo impianti audio, luci e video professionali per eventi di qualsiasi dimensione, garantendo la massima qualit\u00e0 e affidabilit\u00e0.<\/p><h3>Assistenza Tecnica<\/h3><p>Il nostro team di tecnici esperti \u00e8 disponibile per garantire un supporto tecnico impeccabile durante ogni fase dell&#8217;evento.<\/p>\t\t\t\t\t\t\t\t<\/div>\n\t\t\t\t<\/div>\n\t\t\t\t<\/div>\n\t\t\t\t\t<\/div>\n\t\t\t\t<\/div>\n\t\t<div class=\"elementor-element elementor-element-ff7d427 e-flex e-con-boxed e-con e-parent\" data-id=\"ff7d427\" data-element_type=\"container\">\n\t\t\t\t\t<div class=\"e-con-inner\">\n\t\t<div class=\"elementor-element elementor-element-d388d91 e-con-full e-flex e-con e-child\" data-id=\"d388d91\" data-element_type=\"container\">\n\t\t\t\t<div class=\"elementor-element elementor-element-8498324 elementor-widget elementor-widget-premium-addon-title\" data-id=\"8498324\" data-element_type=\"widget\" data-settings=\"{&quot;shining_animation_duration&quot;:&quot;1&quot;}\" data-widget_type=\"premium-addon-title.default\">\n\t\t\t\t<div class=\"elementor-widget-container\">\n\t\t\t\t\t\r\n\t\t<div class=\"premium-title-container style8\">\r\n\t\t\t<h2 class=\"premium-title-header premium-title-style8 premium-con-lq__\">\r\n\t\t\t\t\r\n\t\t\t\t\r\n\t\t\t\t\t\t\t\t\t\t\t\t<span class=\"premium-title-text\" data-shiny-delay=\"2\" data-shiny-dur=\"1\" >\r\n\t\t\t\t\tTour Estate 2025\t\t\t\t<\/span>\r\n\t\t\t\t\t\r\n\t\t\t\t\t\t\t\t\t\t\t<\/h2>\r\n\t\t<\/div>\r\n\r\n\t\t\t\t\t\t<\/div>\n\t\t\t\t<\/div>\n\t\t\t\t<div class=\"elementor-element elementor-element-8bda1bb elementor-widget elementor-widget-text-editor\" data-id=\"8bda1bb\" data-element_type=\"widget\" data-widget_type=\"text-editor.default\">\n\t\t\t\t<div class=\"elementor-widget-container\">\n\t\t\t\t\t\t\t\t\t<h3>Tour Live di Luca Oliveto<\/h3><p>Siamo il promoter ufficiale del tour live del cantautore Luca Oliveto, un&#8217;esperienza musicale unica per gli appassionati di musica dal vivo.<\/p><p><iframe title=\"LUCA OLIVETO - Sempre Avanti INDIEFOLK Live Band Tour 2024\" width=\"800\" height=\"450\" src=\"https:\/\/www.youtube.com\/embed\/G94PxM07AWA?feature=oembed\" frameborder=\"0\" allow=\"accelerometer; autoplay; clipboard-write; encrypted-media; gyroscope; picture-in-picture; web-share\" referrerpolicy=\"strict-origin-when-cross-origin\" allowfullscreen><\/iframe><\/p><p>\u00a0<\/p><p>\u00a0<\/p>\t\t\t\t\t\t\t\t<\/div>\n\t\t\t\t<\/div>\n\t\t\t\t<\/div>\n\t\t<div class=\"elementor-element elementor-element-2bc92eb e-con-full e-flex e-con e-child\" data-id=\"2bc92eb\" data-element_type=\"container\">\n\t\t\t\t<div class=\"elementor-element elementor-element-7272994 elementor-widget elementor-widget-image\" data-id=\"7272994\" data-element_type=\"widget\" data-widget_type=\"image.default\">\n\t\t\t\t<div class=\"elementor-widget-container\">\n\t\t\t\t\t\t\t\t\t\t\t\t\t\t\t<img decoding=\"async\" width=\"1080\" height=\"1350\" src=\"https:\/\/dolcesaraeventi.it\/wp-content\/uploads\/2025\/02\/post_IG.jpg\" class=\"attachment-full size-full wp-image-47\" alt=\"\" srcset=\"https:\/\/dolcesaraeventi.it\/wp-content\/uploads\/2025\/02\/post_IG.jpg 1080w, https:\/\/dolcesaraeventi.it\/wp-content\/uploads\/2025\/02\/post_IG-240x300.jpg 240w, https:\/\/dolcesaraeventi.it\/wp-content\/uploads\/2025\/02\/post_IG-819x1024.jpg 819w, https:\/\/dolcesaraeventi.it\/wp-content\/uploads\/2025\/02\/post_IG-768x960.jpg 768w\" sizes=\"(max-width: 1080px) 100vw, 1080px\" \/>\t\t\t\t\t\t\t\t\t\t\t\t\t\t\t<\/div>\n\t\t\t\t<\/div>\n\t\t\t\t<\/div>\n\t\t\t\t\t<\/div>\n\t\t\t\t<\/div>\n\t\t<div class=\"elementor-element elementor-element-aab84af e-flex e-con-boxed e-con e-parent\" data-id=\"aab84af\" data-element_type=\"container\">\n\t\t\t\t\t<div class=\"e-con-inner\">\n\t\t\t\t<div class=\"elementor-element elementor-element-7fd0bb2 elementor-widget elementor-widget-heading\" data-id=\"7fd0bb2\" data-element_type=\"widget\" data-widget_type=\"heading.default\">\n\t\t\t\t<div class=\"elementor-widget-container\">\n\t\t\t\t\t<h2 class=\"elementor-heading-title elementor-size-default\">TOUR2026 CANTA CANTARE'<\/h2>\t\t\t\t<\/div>\n\t\t\t\t<\/div>\n\t\t\t\t\t<\/div>\n\t\t\t\t<\/div>\n\t\t<div class=\"elementor-element elementor-element-bb37026 e-flex e-con-boxed e-con e-parent\" data-id=\"bb37026\" data-element_type=\"container\">\n\t\t\t\t\t<div class=\"e-con-inner\">\n\t\t\t\t<div class=\"elementor-element elementor-element-4e8cf75 elementor-widget elementor-widget-image\" data-id=\"4e8cf75\" data-element_type=\"widget\" data-widget_type=\"image.default\">\n\t\t\t\t<div class=\"elementor-widget-container\">\n\t\t\t\t\t\t\t\t\t\t\t\t\t\t\t<img loading=\"lazy\" decoding=\"async\" width=\"736\" height=\"1024\" src=\"https:\/\/dolcesaraeventi.it\/wp-content\/uploads\/2025\/12\/WhatsApp-Image-2025-12-14-at-21.49.25-736x1024.jpeg\" class=\"attachment-large size-large wp-image-138\" alt=\"\" srcset=\"https:\/\/dolcesaraeventi.it\/wp-content\/uploads\/2025\/12\/WhatsApp-Image-2025-12-14-at-21.49.25-736x1024.jpeg 736w, https:\/\/dolcesaraeventi.it\/wp-content\/uploads\/2025\/12\/WhatsApp-Image-2025-12-14-at-21.49.25-216x300.jpeg 216w, https:\/\/dolcesaraeventi.it\/wp-content\/uploads\/2025\/12\/WhatsApp-Image-2025-12-14-at-21.49.25-768x1069.jpeg 768w, https:\/\/dolcesaraeventi.it\/wp-content\/uploads\/2025\/12\/WhatsApp-Image-2025-12-14-at-21.49.25-1104x1536.jpeg 1104w, https:\/\/dolcesaraeventi.it\/wp-content\/uploads\/2025\/12\/WhatsApp-Image-2025-12-14-at-21.49.25.jpeg 1150w\" sizes=\"(max-width: 736px) 100vw, 736px\" \/>\t\t\t\t\t\t\t\t\t\t\t\t\t\t\t<\/div>\n\t\t\t\t<\/div>\n\t\t\t\t\t<\/div>\n\t\t\t\t<\/div>\n\t\t<div class=\"elementor-element elementor-element-1b1173b e-flex e-con-boxed e-con e-parent\" data-id=\"1b1173b\" data-element_type=\"container\">\n\t\t\t\t\t<div class=\"e-con-inner\">\n\t\t\t\t<div class=\"elementor-element elementor-element-73e6bd9 elementor-widget elementor-widget-heading\" data-id=\"73e6bd9\" data-element_type=\"widget\" data-widget_type=\"heading.default\">\n\t\t\t\t<div class=\"elementor-widget-container\">\n\t\t\t\t\t<h2 class=\"elementor-heading-title elementor-size-default\">SPETTACOLO TEATRALE <\/h2>\t\t\t\t<\/div>\n\t\t\t\t<\/div>\n\t\t\t\t\t<\/div>\n\t\t\t\t<\/div>\n\t\t<div class=\"elementor-element elementor-element-68ecee3 e-flex e-con-boxed e-con e-parent\" data-id=\"68ecee3\" data-element_type=\"container\">\n\t\t\t\t\t<div class=\"e-con-inner\">\n\t\t<div class=\"elementor-element elementor-element-233f9d6 e-con-full e-flex e-con e-child\" data-id=\"233f9d6\" data-element_type=\"container\">\n\t\t\t\t<div class=\"elementor-element elementor-element-97c65e9 elementor-widget elementor-widget-text-editor\" data-id=\"97c65e9\" data-element_type=\"widget\" data-widget_type=\"text-editor.default\">\n\t\t\t\t<div class=\"elementor-widget-container\">\n\t\t\t\t\t\t\t\t\t<p><strong><u>Racconto di un Cantautore \u2013 Luca Oliveto <\/u><\/strong><\/p><p>\u201cRacconto di un cantautore\u201d narra la storia reale di un Artista e Compositore Calabrese che fin da bambino fonda sulla musica il suo progetto di vita. Questo racconto vuole essere da lente d\u2019ingrandimento su quello che realmente contraddistingue un Cantautore che vive della propria arte, evidenziando i sacrifici, le rinunce, ma anche le soddisfazioni, i traguardi raggiunti, la professionalit\u00e0 e la capacit\u00e0 di percezione della realt\u00e0 che lo circonda.<\/p><p>Tutto nasce da un\u2019ispirazione, da una frase, da un profumo, da una forte emozione\u2026 dall\u2019estemporaneit\u00e0 della penna che inizia a scrivere, senza una metrica precisa, senza un pensiero specifico e dalle note che accompagnano il tutto, attraverso il diverso suono dello strumento, che l\u2019artista spontaneamente decide di utilizzare: il pianoforte, la chitarra\u2026<\/p><p>Non c\u2019\u00e8 testo senza musica, n\u00e9 musica senza testo! Ed ecco che nasce una canzone\u2026la melodia prende vita, il suono invade lo spazio, le emozioni si traducono in note e parole ed il talento trova espressivit\u00e0 tra le righe di un pentagramma.<\/p><p>L\u2019artista, passando da uno strumento ad un altro, porta in scena 10 brani musicali del suo repertorio, accompagnati da una breve narrazione, di una figura femminile, di racconti ed aneddoti personali che hanno scandito la sua vita ed ispirato i suoi testi.<\/p><p>L\u2019obiettivo di questo progetto \u00e8 divulgare e sostenere la musica indipendente, arrivare al cuore della gente e condividere emozioni.<\/p><p>Il motto del Cantautore calabrese \u00e8 \u201cSOSTENETE LA MUSICA INDIPENDENTE PERCHE\u2019 UN CANTAUTORE HA SEMPRE QUALCOSA DA RACCONTARE\u201d<\/p>\t\t\t\t\t\t\t\t<\/div>\n\t\t\t\t<\/div>\n\t\t\t\t<\/div>\n\t\t<div class=\"elementor-element elementor-element-459a041 e-con-full e-flex e-con e-child\" data-id=\"459a041\" data-element_type=\"container\">\n\t\t\t\t<div class=\"elementor-element elementor-element-a44fa85 elementor-widget elementor-widget-image\" data-id=\"a44fa85\" data-element_type=\"widget\" data-widget_type=\"image.default\">\n\t\t\t\t<div class=\"elementor-widget-container\">\n\t\t\t\t\t\t\t\t\t\t\t\t\t\t\t<img loading=\"lazy\" decoding=\"async\" width=\"800\" height=\"551\" src=\"https:\/\/dolcesaraeventi.it\/wp-content\/uploads\/2025\/12\/racconto-di-un-cantautore-Luca-Oliveto-1024x705.jpg\" class=\"attachment-large size-large wp-image-134\" alt=\"\" srcset=\"https:\/\/dolcesaraeventi.it\/wp-content\/uploads\/2025\/12\/racconto-di-un-cantautore-Luca-Oliveto-1024x705.jpg 1024w, https:\/\/dolcesaraeventi.it\/wp-content\/uploads\/2025\/12\/racconto-di-un-cantautore-Luca-Oliveto-300x207.jpg 300w, https:\/\/dolcesaraeventi.it\/wp-content\/uploads\/2025\/12\/racconto-di-un-cantautore-Luca-Oliveto-768x529.jpg 768w, https:\/\/dolcesaraeventi.it\/wp-content\/uploads\/2025\/12\/racconto-di-un-cantautore-Luca-Oliveto-1536x1058.jpg 1536w, https:\/\/dolcesaraeventi.it\/wp-content\/uploads\/2025\/12\/racconto-di-un-cantautore-Luca-Oliveto-2048x1410.jpg 2048w\" sizes=\"(max-width: 800px) 100vw, 800px\" \/>\t\t\t\t\t\t\t\t\t\t\t\t\t\t\t<\/div>\n\t\t\t\t<\/div>\n\t\t\t\t<\/div>\n\t\t\t\t\t<\/div>\n\t\t\t\t<\/div>\n\t\t<div class=\"elementor-element elementor-element-71f8966 e-flex e-con-boxed e-con e-parent\" data-id=\"71f8966\" data-element_type=\"container\">\n\t\t\t\t\t<div class=\"e-con-inner\">\n\t\t<div class=\"elementor-element elementor-element-73de147 e-con-full e-flex e-con e-child\" data-id=\"73de147\" data-element_type=\"container\">\n\t\t\t\t<div class=\"elementor-element elementor-element-df56682 elementor-widget elementor-widget-image\" data-id=\"df56682\" data-element_type=\"widget\" data-widget_type=\"image.default\">\n\t\t\t\t<div class=\"elementor-widget-container\">\n\t\t\t\t\t\t\t\t\t\t\t\t\t\t\t<img loading=\"lazy\" decoding=\"async\" width=\"1080\" height=\"1080\" src=\"https:\/\/dolcesaraeventi.it\/wp-content\/uploads\/2025\/04\/festival-logo-web.jpg\" class=\"attachment-full size-full wp-image-115\" alt=\"\" srcset=\"https:\/\/dolcesaraeventi.it\/wp-content\/uploads\/2025\/04\/festival-logo-web.jpg 1080w, https:\/\/dolcesaraeventi.it\/wp-content\/uploads\/2025\/04\/festival-logo-web-300x300.jpg 300w, https:\/\/dolcesaraeventi.it\/wp-content\/uploads\/2025\/04\/festival-logo-web-1024x1024.jpg 1024w, https:\/\/dolcesaraeventi.it\/wp-content\/uploads\/2025\/04\/festival-logo-web-150x150.jpg 150w, https:\/\/dolcesaraeventi.it\/wp-content\/uploads\/2025\/04\/festival-logo-web-768x768.jpg 768w\" sizes=\"(max-width: 1080px) 100vw, 1080px\" \/>\t\t\t\t\t\t\t\t\t\t\t\t\t\t\t<\/div>\n\t\t\t\t<\/div>\n\t\t\t\t<\/div>\n\t\t<div class=\"elementor-element elementor-element-54afe4a e-con-full e-flex e-con e-child\" data-id=\"54afe4a\" data-element_type=\"container\">\n\t\t\t\t<div class=\"elementor-element elementor-element-f28f95a elementor-widget elementor-widget-premium-addon-title\" data-id=\"f28f95a\" data-element_type=\"widget\" data-settings=\"{&quot;shining_animation_duration&quot;:&quot;1&quot;}\" data-widget_type=\"premium-addon-title.default\">\n\t\t\t\t<div class=\"elementor-widget-container\">\n\t\t\t\t\t\r\n\t\t<div class=\"premium-title-container style8\">\r\n\t\t\t<h2 class=\"premium-title-header premium-title-style8 premium-con-lq__\">\r\n\t\t\t\t\r\n\t\t\t\t\r\n\t\t\t\t\t\t\t\t\t\t\t\t<span class=\"premium-title-text\" data-shiny-delay=\"2\" data-shiny-dur=\"1\" >\r\n\t\t\t\t\tFestival dei Quartieri\t\t\t\t<\/span>\r\n\t\t\t\t\t\r\n\t\t\t\t\t\t\t\t\t\t\t<\/h2>\r\n\t\t<\/div>\r\n\r\n\t\t\t\t\t\t<\/div>\n\t\t\t\t<\/div>\n\t\t\t\t<div class=\"elementor-element elementor-element-b856383 elementor-widget elementor-widget-text-editor\" data-id=\"b856383\" data-element_type=\"widget\" data-widget_type=\"text-editor.default\">\n\t\t\t\t<div class=\"elementor-widget-container\">\n\t\t\t\t\t\t\t\t\t<p style=\"text-align: left;\">Il Festival dei Quartieri mira a rafforzare un format caratterizzante e distintivo, in grado di aprire i luoghi urbani ed extra urbani a vari generi musicali ed extramusicali: dalla musica tradizionale popolare a quella sperimentale, dalla musica neomelodica a quella cantautorale ed all\u2019arte di ogni genere. L\u2019idea progettuale \u00e8 quella di dar vita ad un contenitore territoriale e culturale nel quale gli eventi, di ampio respiro, realizzino momenti di incontro sociale e permettano di dare un significato pi\u00f9 profondo alla fruizione di cultura e di spettacolo. I luoghi prescelti tendono a coprire l\u2019intero territorio.<\/p><p>\u00a0<\/p>\t\t\t\t\t\t\t\t<\/div>\n\t\t\t\t<\/div>\n\t\t\t\t<\/div>\n\t\t\t\t\t<\/div>\n\t\t\t\t<\/div>\n\t\t<div class=\"elementor-element elementor-element-89d4c1f e-flex e-con-boxed e-con e-parent\" data-id=\"89d4c1f\" data-element_type=\"container\">\n\t\t\t\t\t<div class=\"e-con-inner\">\n\t\t<div class=\"elementor-element elementor-element-7deb9dd e-con-full e-flex e-con e-child\" data-id=\"7deb9dd\" data-element_type=\"container\">\n\t\t\t\t<div class=\"elementor-element elementor-element-b67a8a8 elementor-widget elementor-widget-premium-addon-title\" data-id=\"b67a8a8\" data-element_type=\"widget\" data-settings=\"{&quot;shining_animation_duration&quot;:&quot;1&quot;}\" data-widget_type=\"premium-addon-title.default\">\n\t\t\t\t<div class=\"elementor-widget-container\">\n\t\t\t\t\t\r\n\t\t<div class=\"premium-title-container style8\">\r\n\t\t\t<h2 class=\"premium-title-header premium-title-style8 premium-con-lq__\">\r\n\t\t\t\t\r\n\t\t\t\t\r\n\t\t\t\t\t\t\t\t\t\t\t\t<span class=\"premium-title-text\" data-shiny-delay=\"2\" data-shiny-dur=\"1\" >\r\n\t\t\t\t\tNote per la Vita\t\t\t\t<\/span>\r\n\t\t\t\t\t\r\n\t\t\t\t\t\t\t\t\t\t\t<\/h2>\r\n\t\t<\/div>\r\n\r\n\t\t\t\t\t\t<\/div>\n\t\t\t\t<\/div>\n\t\t\t\t<div class=\"elementor-element elementor-element-a277e0d elementor-widget elementor-widget-text-editor\" data-id=\"a277e0d\" data-element_type=\"widget\" data-widget_type=\"text-editor.default\">\n\t\t\t\t<div class=\"elementor-widget-container\">\n\t\t\t\t\t\t\t\t\t<h4>in collaborazione con Radio Nord Castrovillari<\/h4>\t\t\t\t\t\t\t\t<\/div>\n\t\t\t\t<\/div>\n\t\t\t\t<\/div>\n\t\t<div class=\"elementor-element elementor-element-6e0efcf e-con-full e-flex e-con e-child\" data-id=\"6e0efcf\" data-element_type=\"container\">\n\t\t\t\t<\/div>\n\t\t\t\t\t<\/div>\n\t\t\t\t<\/div>\n\t\t\t\t<\/div>\n\t\t","protected":false},"excerpt":{"rendered":"<p>Organizziamo il tuo evento perfetto Musica, teatro, spettacolo, convegni e molto altro L&#8217;Associazione Dolce Sara Eventi organizza eventi live, musica, teatro e spettacolo. Offriamo soluzioni complete per qualsiasi tipo di evento. Dalla convegnistica agli eventi sportivi, fino agli spettacoli dal vivo, offriamo un servizio completo per garantire il massimo impatto e coinvolgimento del pubblico. I [&hellip;]<\/p>\n","protected":false},"author":1,"featured_media":0,"parent":0,"menu_order":0,"comment_status":"closed","ping_status":"closed","template":"elementor_header_footer","meta":{"footnotes":""},"class_list":["post-9","page","type-page","status-publish","hentry"],"_links":{"self":[{"href":"https:\/\/dolcesaraeventi.it\/index.php?rest_route=\/wp\/v2\/pages\/9","targetHints":{"allow":["GET"]}}],"collection":[{"href":"https:\/\/dolcesaraeventi.it\/index.php?rest_route=\/wp\/v2\/pages"}],"about":[{"href":"https:\/\/dolcesaraeventi.it\/index.php?rest_route=\/wp\/v2\/types\/page"}],"author":[{"embeddable":true,"href":"https:\/\/dolcesaraeventi.it\/index.php?rest_route=\/wp\/v2\/users\/1"}],"replies":[{"embeddable":true,"href":"https:\/\/dolcesaraeventi.it\/index.php?rest_route=%2Fwp%2Fv2%2Fcomments&post=9"}],"version-history":[{"count":37,"href":"https:\/\/dolcesaraeventi.it\/index.php?rest_route=\/wp\/v2\/pages\/9\/revisions"}],"predecessor-version":[{"id":142,"href":"https:\/\/dolcesaraeventi.it\/index.php?rest_route=\/wp\/v2\/pages\/9\/revisions\/142"}],"wp:attachment":[{"href":"https:\/\/dolcesaraeventi.it\/index.php?rest_route=%2Fwp%2Fv2%2Fmedia&parent=9"}],"curies":[{"name":"wp","href":"https:\/\/api.w.org\/{rel}","templated":true}]}}